{"id":3998,"date":"2025-10-01T18:07:30","date_gmt":"2025-10-01T16:07:30","guid":{"rendered":"https:\/\/www.aubonheurdespapilles.bzh\/?page_id=3998"},"modified":"2025-10-03T15:55:58","modified_gmt":"2025-10-03T13:55:58","slug":"mentions-legales","status":"publish","type":"page","link":"https:\/\/www.aubonheurdespapilles.bzh\/?page_id=3998","title":{"rendered":"Mentions l\u00e9gales"},"content":{"rendered":"<div class=\"fusion-fullwidth fullwidth-box fusion-builder-row-1 fusion-flex-container has-pattern-background has-mask-background nonhundred-percent-fullwidth non-hundred-percent-height-scrolling\" style=\"--awb-border-radius-top-left:0px;--awb-border-radius-top-right:0px;--awb-border-radius-bottom-right:0px;--awb-border-radius-bottom-left:0px;--awb-flex-wrap:wrap;\" ><div class=\"fusion-builder-row fusion-row fusion-flex-align-items-flex-start fusion-flex-content-wrap\" style=\"max-width:1430px;margin-left: calc(-4% \/ 2 );margin-right: calc(-4% \/ 2 );\"><div class=\"fusion-layout-column fusion_builder_column fusion-builder-column-0 fusion_builder_column_1_1 1_1 fusion-flex-column\" style=\"--awb-bg-size:cover;--awb-width-large:100%;--awb-margin-top-large:0px;--awb-spacing-right-large:1.92%;--awb-margin-bottom-large:8%;--awb-spacing-left-large:1.92%;--awb-width-medium:100%;--awb-order-medium:0;--awb-spacing-right-medium:1.92%;--awb-spacing-left-medium:1.92%;--awb-width-small:100%;--awb-order-small:0;--awb-spacing-right-small:1.92%;--awb-spacing-left-small:1.92%;\"><div class=\"fusion-column-wrapper fusion-column-has-shadow fusion-flex-justify-content-flex-start fusion-content-layout-column\"><div class=\"fusion-text fusion-text-1\"><p><strong>Ce site est \u00e9dit\u00e9 par \u00ab\u00a0Au bonheur des Papilles\u00a0\u00bb :<\/strong><\/p>\n<p>Restaurant bouillon &#8211; 2 Rue Saint-Nicolas <span style=\"background-color: rgba(0, 0, 0, 0);\">22200 Guingamp<\/span><span style=\"background-color: rgba(0, 0, 0, 0);\"> \u2013 <\/span><span style=\"background-color: rgba(0, 0, 0, 0);\">06 30 75 22 01<\/span><\/p>\n<p><b>Directeur de la publication :<\/b><br \/>\nDavid STEPHAN<br \/>\nT\u00e9l. : 06 30 75 22 01<\/p>\n<p><strong>Conception du site :<\/strong><br \/>\nAgence Grain de Sell<br \/>\n28b, Lein Ar Lan \u2013 22470 Plou\u00e9zec<br \/>\nT\u00e9l\u00e9phone : 06 50 80 89 87<br \/>\nEmail : graindesell@graindesell.fr<br \/>\nSite Internet : www.graindesell.fr<\/p>\n<p><strong>H\u00e9bergement :<\/strong><br \/>\nOVH<br \/>\nSi\u00e8ge Social 2 rue Kellermann \u2013 59100 ROUBAIX<br \/>\nT\u00e9l : 08 203 203 63 \/ n\u00b0 indigo (0,118 \u20ac\/min)<\/p>\n<p><b>Illustrations, photographies, contenu r\u00e9dactionnel :<\/b><br \/>\nLes photographies, illustrations et contenu r\u00e9dactionnel utilis\u00e9s sur ce site internet sont la propri\u00e9t\u00e9 de L&rsquo;agence Grain de Sell Paimpol. Vous n\u2019\u00eates donc pas autoris\u00e9s \u00e0 en utiliser le contenu sous quelque forme que ce soit, sans un accord pr\u00e9alable de son propri\u00e9taire.<\/p>\n<p>Le contenu graphique est r\u00e9alis\u00e9 par l&rsquo;agence Grain de Sell<\/p>\n<p><strong>Cr\u00e9dit photos :<\/strong><br \/>\nAgence Grain de Sell Paimpol &#8211; Thierry Mell\u00e9<\/p>\n<p><strong>Respect de la vie priv\u00e9e :<\/strong><br \/>\nAucune information personnelle n\u2019est collect\u00e9e \u00e0 votre insu, aucune information personnelle n\u2019est c\u00e9d\u00e9e \u00e0 des tiers, aucune information personnelle n\u2019est utilis\u00e9e \u00e0 des fins non pr\u00e9vues.<br \/>\nConform\u00e9ment \u00e0 la loi n\u00b0 78-17 du 6 janvier 1978, relative \u00e0 l\u2019Informatique, aux Fichiers et aux Libert\u00e9s, vous disposez d\u2019un droit d\u2019acc\u00e8s et de rectification des informations nominatives vous concernant. Vous pouvez l\u2019exercer en vous adressant \u00e0 :<\/p>\n<p><span style=\"background-color: rgba(0, 0, 0, 0);\">Agence Grain de Sell &#8211; <\/span><span style=\"background-color: rgba(0, 0, 0, 0);\">28b, Lein Ar Lan \u2013 22470 Plou\u00e9zec &#8211; <\/span><span style=\"background-color: rgba(0, 0, 0, 0);\">T\u00e9l\u00e9phone : 06 50 80 89 87<\/span><\/p>\n<p><span style=\"background-color: rgba(0, 0, 0, 0);\"><b>Contact :<\/b><\/span><\/p>\n<p>\u00c9crire \u00e0 l\u2019administrateur : graindesell@graindesell.fr<\/p>\n<\/div><\/div><\/div><\/div><\/div>\n","protected":false},"excerpt":{"rendered":"","protected":false},"author":2,"featured_media":0,"parent":0,"menu_order":0,"comment_status":"closed","ping_status":"closed","template":"","meta":{"footnotes":""},"class_list":["post-3998","page","type-page","status-publish","hentry"],"yoast_head":"<!-- This site is optimized with the Yoast SEO plugin v27.0 - https:\/\/yoast.com\/product\/yoast-seo-wordpress\/ -->\n<title>Mentions l\u00e9gales - Au bonheur des papilles<\/title>\n<meta name=\"robots\" content=\"index, follow, max-snippet:-1, max-image-preview:large, max-video-preview:-1\" \/>\n<link rel=\"canonical\" href=\"https:\/\/www.aubonheurdespapilles.bzh\/?page_id=3998\" \/>\n<meta property=\"og:locale\" content=\"fr_FR\" \/>\n<meta property=\"og:type\" content=\"article\" \/>\n<meta property=\"og:title\" content=\"Mentions l\u00e9gales - Au bonheur des papilles\" \/>\n<meta property=\"og:url\" content=\"https:\/\/www.aubonheurdespapilles.bzh\/?page_id=3998\" \/>\n<meta property=\"og:site_name\" content=\"Au bonheur des papilles\" \/>\n<meta property=\"article:publisher\" content=\"https:\/\/www.facebook.com\/profile.php?id=61577192782202\" \/>\n<meta property=\"article:modified_time\" content=\"2025-10-03T13:55:58+00:00\" \/>\n<meta name=\"twitter:card\" content=\"summary_large_image\" \/>\n<meta name=\"twitter:label1\" content=\"Dur\u00e9e de lecture estim\u00e9e\" \/>\n\t<meta name=\"twitter:data1\" content=\"4 minutes\" \/>\n<script type=\"application\/ld+json\" class=\"yoast-schema-graph\">{\"@context\":\"https:\/\/schema.org\",\"@graph\":[{\"@type\":\"WebPage\",\"@id\":\"https:\/\/www.aubonheurdespapilles.bzh\/?page_id=3998\",\"url\":\"https:\/\/www.aubonheurdespapilles.bzh\/?page_id=3998\",\"name\":\"Mentions l\u00e9gales - Au bonheur des papilles\",\"isPartOf\":{\"@id\":\"https:\/\/www.aubonheurdespapilles.bzh\/#website\"},\"datePublished\":\"2025-10-01T16:07:30+00:00\",\"dateModified\":\"2025-10-03T13:55:58+00:00\",\"breadcrumb\":{\"@id\":\"https:\/\/www.aubonheurdespapilles.bzh\/?page_id=3998#breadcrumb\"},\"inLanguage\":\"fr-FR\",\"potentialAction\":[{\"@type\":\"ReadAction\",\"target\":[\"https:\/\/www.aubonheurdespapilles.bzh\/?page_id=3998\"]}]},{\"@type\":\"BreadcrumbList\",\"@id\":\"https:\/\/www.aubonheurdespapilles.bzh\/?page_id=3998#breadcrumb\",\"itemListElement\":[{\"@type\":\"ListItem\",\"position\":1,\"name\":\"Accueil\",\"item\":\"https:\/\/www.aubonheurdespapilles.bzh\/\"},{\"@type\":\"ListItem\",\"position\":2,\"name\":\"Mentions l\u00e9gales\"}]},{\"@type\":\"WebSite\",\"@id\":\"https:\/\/www.aubonheurdespapilles.bzh\/#website\",\"url\":\"https:\/\/www.aubonheurdespapilles.bzh\/\",\"name\":\"Au bonheur des papilles\",\"description\":\"Restaurant bouillon \u00e0 Guingamp\",\"publisher\":{\"@id\":\"https:\/\/www.aubonheurdespapilles.bzh\/#organization\"},\"potentialAction\":[{\"@type\":\"SearchAction\",\"target\":{\"@type\":\"EntryPoint\",\"urlTemplate\":\"https:\/\/www.aubonheurdespapilles.bzh\/?s={search_term_string}\"},\"query-input\":{\"@type\":\"PropertyValueSpecification\",\"valueRequired\":true,\"valueName\":\"search_term_string\"}}],\"inLanguage\":\"fr-FR\"},{\"@type\":\"Organization\",\"@id\":\"https:\/\/www.aubonheurdespapilles.bzh\/#organization\",\"name\":\"Au bonheur des papilles\",\"url\":\"https:\/\/www.aubonheurdespapilles.bzh\/\",\"logo\":{\"@type\":\"ImageObject\",\"inLanguage\":\"fr-FR\",\"@id\":\"https:\/\/www.aubonheurdespapilles.bzh\/#\/schema\/logo\/image\/\",\"url\":\"https:\/\/www.aubonheurdespapilles.bzh\/wp-content\/uploads\/2025\/09\/logo-papilles-blanc-2.png\",\"contentUrl\":\"https:\/\/www.aubonheurdespapilles.bzh\/wp-content\/uploads\/2025\/09\/logo-papilles-blanc-2.png\",\"width\":900,\"height\":900,\"caption\":\"Au bonheur des papilles\"},\"image\":{\"@id\":\"https:\/\/www.aubonheurdespapilles.bzh\/#\/schema\/logo\/image\/\"},\"sameAs\":[\"https:\/\/www.facebook.com\/profile.php?id=61577192782202\"]}]}<\/script>\n<!-- \/ Yoast SEO plugin. -->","yoast_head_json":{"title":"Mentions l\u00e9gales - Au bonheur des papilles","robots":{"index":"index","follow":"follow","max-snippet":"max-snippet:-1","max-image-preview":"max-image-preview:large","max-video-preview":"max-video-preview:-1"},"canonical":"https:\/\/www.aubonheurdespapilles.bzh\/?page_id=3998","og_locale":"fr_FR","og_type":"article","og_title":"Mentions l\u00e9gales - Au bonheur des papilles","og_url":"https:\/\/www.aubonheurdespapilles.bzh\/?page_id=3998","og_site_name":"Au bonheur des papilles","article_publisher":"https:\/\/www.facebook.com\/profile.php?id=61577192782202","article_modified_time":"2025-10-03T13:55:58+00:00","twitter_card":"summary_large_image","twitter_misc":{"Dur\u00e9e de lecture estim\u00e9e":"4 minutes"},"schema":{"@context":"https:\/\/schema.org","@graph":[{"@type":"WebPage","@id":"https:\/\/www.aubonheurdespapilles.bzh\/?page_id=3998","url":"https:\/\/www.aubonheurdespapilles.bzh\/?page_id=3998","name":"Mentions l\u00e9gales - Au bonheur des papilles","isPartOf":{"@id":"https:\/\/www.aubonheurdespapilles.bzh\/#website"},"datePublished":"2025-10-01T16:07:30+00:00","dateModified":"2025-10-03T13:55:58+00:00","breadcrumb":{"@id":"https:\/\/www.aubonheurdespapilles.bzh\/?page_id=3998#breadcrumb"},"inLanguage":"fr-FR","potentialAction":[{"@type":"ReadAction","target":["https:\/\/www.aubonheurdespapilles.bzh\/?page_id=3998"]}]},{"@type":"BreadcrumbList","@id":"https:\/\/www.aubonheurdespapilles.bzh\/?page_id=3998#breadcrumb","itemListElement":[{"@type":"ListItem","position":1,"name":"Accueil","item":"https:\/\/www.aubonheurdespapilles.bzh\/"},{"@type":"ListItem","position":2,"name":"Mentions l\u00e9gales"}]},{"@type":"WebSite","@id":"https:\/\/www.aubonheurdespapilles.bzh\/#website","url":"https:\/\/www.aubonheurdespapilles.bzh\/","name":"Au bonheur des papilles","description":"Restaurant bouillon \u00e0 Guingamp","publisher":{"@id":"https:\/\/www.aubonheurdespapilles.bzh\/#organization"},"potentialAction":[{"@type":"SearchAction","target":{"@type":"EntryPoint","urlTemplate":"https:\/\/www.aubonheurdespapilles.bzh\/?s={search_term_string}"},"query-input":{"@type":"PropertyValueSpecification","valueRequired":true,"valueName":"search_term_string"}}],"inLanguage":"fr-FR"},{"@type":"Organization","@id":"https:\/\/www.aubonheurdespapilles.bzh\/#organization","name":"Au bonheur des papilles","url":"https:\/\/www.aubonheurdespapilles.bzh\/","logo":{"@type":"ImageObject","inLanguage":"fr-FR","@id":"https:\/\/www.aubonheurdespapilles.bzh\/#\/schema\/logo\/image\/","url":"https:\/\/www.aubonheurdespapilles.bzh\/wp-content\/uploads\/2025\/09\/logo-papilles-blanc-2.png","contentUrl":"https:\/\/www.aubonheurdespapilles.bzh\/wp-content\/uploads\/2025\/09\/logo-papilles-blanc-2.png","width":900,"height":900,"caption":"Au bonheur des papilles"},"image":{"@id":"https:\/\/www.aubonheurdespapilles.bzh\/#\/schema\/logo\/image\/"},"sameAs":["https:\/\/www.facebook.com\/profile.php?id=61577192782202"]}]}},"_links":{"self":[{"href":"https:\/\/www.aubonheurdespapilles.bzh\/index.php?rest_route=\/wp\/v2\/pages\/3998","targetHints":{"allow":["GET"]}}],"collection":[{"href":"https:\/\/www.aubonheurdespapilles.bzh\/index.php?rest_route=\/wp\/v2\/pages"}],"about":[{"href":"https:\/\/www.aubonheurdespapilles.bzh\/index.php?rest_route=\/wp\/v2\/types\/page"}],"author":[{"embeddable":true,"href":"https:\/\/www.aubonheurdespapilles.bzh\/index.php?rest_route=\/wp\/v2\/users\/2"}],"replies":[{"embeddable":true,"href":"https:\/\/www.aubonheurdespapilles.bzh\/index.php?rest_route=%2Fwp%2Fv2%2Fcomments&post=3998"}],"version-history":[{"count":5,"href":"https:\/\/www.aubonheurdespapilles.bzh\/index.php?rest_route=\/wp\/v2\/pages\/3998\/revisions"}],"predecessor-version":[{"id":4146,"href":"https:\/\/www.aubonheurdespapilles.bzh\/index.php?rest_route=\/wp\/v2\/pages\/3998\/revisions\/4146"}],"wp:attachment":[{"href":"https:\/\/www.aubonheurdespapilles.bzh\/index.php?rest_route=%2Fwp%2Fv2%2Fmedia&parent=3998"}],"curies":[{"name":"wp","href":"https:\/\/api.w.org\/{rel}","templated":true}]}}